{"id":2,"date":"2025-12-26T11:38:53","date_gmt":"2025-12-26T11:38:53","guid":{"rendered":"https:\/\/yeyepeluqueria.rkinformatika.online\/?page_id=2"},"modified":"2026-03-11T14:36:16","modified_gmt":"2026-03-11T14:36:16","slug":"inicio","status":"publish","type":"page","link":"https:\/\/yeyepeluqueria.com\/en\/","title":{"rendered":"Home"},"content":{"rendered":"\t\t<div data-elementor-type=\"wp-page\" data-elementor-id=\"2\" class=\"elementor elementor-2\" data-elementor-post-type=\"page\">\n\t\t\t\t<div class=\"elementor-element elementor-element-fc0a665 e-flex e-con-boxed e-con e-parent\" data-id=\"fc0a665\" data-element_type=\"container\" data-e-type=\"container\" data-settings=\"{&quot;background_background&quot;:&quot;slideshow&quot;,&quot;background_slideshow_gallery&quot;:[{&quot;id&quot;:94,&quot;url&quot;:&quot;https:\\\/\\\/yeyepeluqueria.com\\\/wp-content\\\/uploads\\\/2026\\\/03\\\/pelu_06.jpg&quot;},{&quot;id&quot;:92,&quot;url&quot;:&quot;https:\\\/\\\/yeyepeluqueria.com\\\/wp-content\\\/uploads\\\/2026\\\/03\\\/pelu_23.jpg&quot;},{&quot;id&quot;:121,&quot;url&quot;:&quot;https:\\\/\\\/yeyepeluqueria.com\\\/wp-content\\\/uploads\\\/2026\\\/03\\\/pelu_26.jpg&quot;},{&quot;id&quot;:91,&quot;url&quot;:&quot;https:\\\/\\\/yeyepeluqueria.com\\\/wp-content\\\/uploads\\\/2026\\\/03\\\/pelu_08.jpg&quot;},{&quot;id&quot;:122,&quot;url&quot;:&quot;https:\\\/\\\/yeyepeluqueria.com\\\/wp-content\\\/uploads\\\/2026\\\/03\\\/pelu_27.jpg&quot;}],&quot;background_slideshow_slide_duration&quot;:3000,&quot;background_slideshow_transition_duration&quot;:1000,&quot;background_slideshow_ken_burns&quot;:&quot;yes&quot;,&quot;background_slideshow_loop&quot;:&quot;yes&quot;,&quot;background_slideshow_slide_transition&quot;:&quot;fade&quot;,&quot;background_slideshow_ken_burns_zoom_direction&quot;:&quot;in&quot;}\">\n\t\t\t\t\t<div class=\"e-con-inner\">\n\t\t\t\t<div class=\"elementor-element elementor-element-87be1ca elementor-widget elementor-widget-heading\" data-id=\"87be1ca\" data-element_type=\"widget\" data-e-type=\"widget\" data-widget_type=\"heading.default\">\n\t\t\t\t\t<h2 class=\"elementor-heading-title elementor-size-default\">YEYE PELUQUER\u00cdA<\/h2>\t\t\t\t<\/div>\n\t\t\t\t<div class=\"elementor-element elementor-element-1b94d68 elementor-widget elementor-widget-text-editor\" data-id=\"1b94d68\" data-element_type=\"widget\" data-e-type=\"widget\" data-widget_type=\"text-editor.default\">\n\t\t\t\t\t\t\t\t\t<p>ESTILO, CONFIANZA Y BELLEZA EN CADA VISITA<\/p>\t\t\t\t\t\t\t\t<\/div>\n\t\t\t\t\t<\/div>\n\t\t\t\t<\/div>\n\t\t<div class=\"elementor-element elementor-element-ad6df3a e-flex e-con-boxed e-con e-parent\" data-id=\"ad6df3a\" data-element_type=\"container\" data-e-type=\"container\">\n\t\t\t\t\t<div class=\"e-con-inner\">\n\t\t<div class=\"elementor-element elementor-element-8260a73 e-con-full e-flex e-con e-child\" data-id=\"8260a73\" data-element_type=\"container\" data-e-type=\"container\">\n\t\t\t\t<div class=\"elementor-element elementor-element-9e24b49 elementor-widget elementor-widget-heading\" data-id=\"9e24b49\" data-element_type=\"widget\" data-e-type=\"widget\" data-widget_type=\"heading.default\">\n\t\t\t\t\t<h2 class=\"elementor-heading-title elementor-size-default\">PASI\u00d3N POR EL CABELLO, DEDICACI\u00d3N POR CADA PERSONA<\/h2>\t\t\t\t<\/div>\n\t\t\t\t<div class=\"elementor-element elementor-element-da807d1 elementor-widget elementor-widget-text-editor\" data-id=\"da807d1\" data-element_type=\"widget\" data-e-type=\"widget\" data-widget_type=\"text-editor.default\">\n\t\t\t\t\t\t\t\t\t<p data-start=\"125\" data-end=\"408\">En <strong data-start=\"128\" data-end=\"147\">Yeye Peluquer\u00eda<\/strong> nos dedicamos al cuidado y la imagen personal, ofreciendo servicios de peluquer\u00eda para mujeres, hombres y ni\u00f1os. Trabajamos de forma personalizada, escuchando y asesorando a cada cliente para encontrar el estilo que mejor se adapte a su cabello y personalidad.<\/p><p data-start=\"410\" data-end=\"748\">Apostamos por un trato cercano y profesional, utilizando productos de calidad y combinando t\u00e9cnicas cl\u00e1sicas con las tendencias actuales para conseguir resultados naturales, modernos y saludables para el cabello. Nuestro objetivo es que cada persona que nos visite se sienta c\u00f3moda, bien atendida y salga satisfecha con su nuevo look.<\/p>\t\t\t\t\t\t\t\t<\/div>\n\t\t\t\t<\/div>\n\t\t<div class=\"elementor-element elementor-element-c31999f e-con-full e-flex e-con e-child\" data-id=\"c31999f\" data-element_type=\"container\" data-e-type=\"container\">\n\t\t\t\t<div class=\"elementor-element elementor-element-a6691c8 elementor-widget elementor-widget-image\" data-id=\"a6691c8\" data-element_type=\"widget\" data-e-type=\"widget\" data-widget_type=\"image.default\">\n\t\t\t\t\t\t\t\t\t\t\t\t\t\t\t<img fetchpriority=\"high\" decoding=\"async\" width=\"1050\" height=\"1500\" src=\"https:\/\/yeyepeluqueria.com\/wp-content\/uploads\/2026\/03\/Sin-titulo-1500-x-1200-px.png\" class=\"attachment-full size-full wp-image-112\" alt=\"\" srcset=\"https:\/\/yeyepeluqueria.com\/wp-content\/uploads\/2026\/03\/Sin-titulo-1500-x-1200-px.png 1050w, https:\/\/yeyepeluqueria.com\/wp-content\/uploads\/2026\/03\/Sin-titulo-1500-x-1200-px-210x300.png 210w, https:\/\/yeyepeluqueria.com\/wp-content\/uploads\/2026\/03\/Sin-titulo-1500-x-1200-px-717x1024.png 717w, https:\/\/yeyepeluqueria.com\/wp-content\/uploads\/2026\/03\/Sin-titulo-1500-x-1200-px-768x1097.png 768w, https:\/\/yeyepeluqueria.com\/wp-content\/uploads\/2026\/03\/Sin-titulo-1500-x-1200-px-8x12.png 8w\" sizes=\"(max-width: 1050px) 100vw, 1050px\" \/>\t\t\t\t\t\t\t\t\t\t\t\t\t\t\t<\/div>\n\t\t\t\t<\/div>\n\t\t\t\t\t<\/div>\n\t\t\t\t<\/div>\n\t\t<div class=\"elementor-element elementor-element-3703b9d e-flex e-con-boxed e-con e-parent\" data-id=\"3703b9d\" data-element_type=\"container\" data-e-type=\"container\" data-settings=\"{&quot;background_background&quot;:&quot;classic&quot;}\">\n\t\t\t\t\t<div class=\"e-con-inner\">\n\t\t\t\t<div class=\"elementor-element elementor-element-c56d81e elementor-widget elementor-widget-heading\" data-id=\"c56d81e\" data-element_type=\"widget\" data-e-type=\"widget\" data-widget_type=\"heading.default\">\n\t\t\t\t\t<h2 class=\"elementor-heading-title elementor-size-default\">SERVICIOS QUE INSPIRAN <\/h2>\t\t\t\t<\/div>\n\t\t\t\t<div class=\"elementor-element elementor-element-0315bed elementor-widget elementor-widget-text-editor\" data-id=\"0315bed\" data-element_type=\"widget\" data-e-type=\"widget\" data-widget_type=\"text-editor.default\">\n\t\t\t\t\t\t\t\t\t<p><em>Corte, color, tratamientos y m\u00e1s. Tu look ideal est\u00e1 a un clic de distancia<\/em><\/p>\t\t\t\t\t\t\t\t<\/div>\n\t\t\t\t<div class=\"elementor-element elementor-element-9d8e1af elementor-align-center elementor-widget elementor-widget-button\" data-id=\"9d8e1af\" data-element_type=\"widget\" data-e-type=\"widget\" data-widget_type=\"button.default\">\n\t\t\t\t\t\t\t\t\t\t<a class=\"elementor-button elementor-button-link elementor-size-sm elementor-animation-grow\" href=\"\/servicios\">\n\t\t\t\t\t\t<span class=\"elementor-button-content-wrapper\">\n\t\t\t\t\t\t<span class=\"elementor-button-icon\">\n\t\t\t\t<svg aria-hidden=\"true\" class=\"e-font-icon-svg e-far-hand-point-right\" viewBox=\"0 0 512 512\" xmlns=\"http:\/\/www.w3.org\/2000\/svg\"><path d=\"M428.8 137.6h-86.177a115.52 115.52 0 0 0 2.176-22.4c0-47.914-35.072-83.2-92-83.2-45.314 0-57.002 48.537-75.707 78.784-7.735 12.413-16.994 23.317-25.851 33.253l-.131.146-.129.148C135.662 161.807 127.764 168 120.8 168h-2.679c-5.747-4.952-13.536-8-22.12-8H32c-17.673 0-32 12.894-32 28.8v230.4C0 435.106 14.327 448 32 448h64c8.584 0 16.373-3.048 22.12-8h2.679c28.688 0 67.137 40 127.2 40h21.299c62.542 0 98.8-38.658 99.94-91.145 12.482-17.813 18.491-40.785 15.985-62.791A93.148 93.148 0 0 0 393.152 304H428.8c45.435 0 83.2-37.584 83.2-83.2 0-45.099-38.101-83.2-83.2-83.2zm0 118.4h-91.026c12.837 14.669 14.415 42.825-4.95 61.05 11.227 19.646 1.687 45.624-12.925 53.625 6.524 39.128-10.076 61.325-50.6 61.325H248c-45.491 0-77.21-35.913-120-39.676V215.571c25.239-2.964 42.966-21.222 59.075-39.596 11.275-12.65 21.725-25.3 30.799-39.875C232.355 112.712 244.006 80 252.8 80c23.375 0 44 8.8 44 35.2 0 35.2-26.4 53.075-26.4 70.4h158.4c18.425 0 35.2 16.5 35.2 35.2 0 18.975-16.225 35.2-35.2 35.2zM88 384c0 13.255-10.745 24-24 24s-24-10.745-24-24 10.745-24 24-24 24 10.745 24 24z\"><\/path><\/svg>\t\t\t<\/span>\n\t\t\t\t\t\t\t\t\t<span class=\"elementor-button-text\">Servicios<\/span>\n\t\t\t\t\t<\/span>\n\t\t\t\t\t<\/a>\n\t\t\t\t\t\t\t\t<\/div>\n\t\t\t\t\t<\/div>\n\t\t\t\t<\/div>\n\t\t\t\t<\/div>\n\t\t","protected":false},"excerpt":{"rendered":"<p>YEYE PELUQUER\u00cdA ESTILO, CONFIANZA Y BELLEZA EN CADA VISITA PASI\u00d3N POR EL CABELLO, DEDICACI\u00d3N POR CADA PERSONA En Yeye Peluquer\u00eda nos dedicamos al cuidado y la imagen personal, ofreciendo servicios de peluquer\u00eda para mujeres, hombres y ni\u00f1os. Trabajamos de forma personalizada, escuchando y asesorando a cada cliente para encontrar el estilo que mejor se adapte [&hellip;]<\/p>\n","protected":false},"author":1,"featured_media":0,"parent":0,"menu_order":0,"comment_status":"closed","ping_status":"closed","template":"elementor_canvas","meta":{"footnotes":""},"class_list":["post-2","page","type-page","status-publish","hentry"],"yoast_head":"<!-- This site is optimized with the Yoast SEO plugin v27.3 - https:\/\/yoast.com\/product\/yoast-seo-wordpress\/ -->\n<title>Inicio - Yeye Peluquer\u00eda<\/title>\n<meta name=\"robots\" content=\"index, follow, max-snippet:-1, max-image-preview:large, max-video-preview:-1\" \/>\n<link rel=\"canonical\" href=\"https:\/\/yeyepeluqueria.com\/en\/\" \/>\n<meta property=\"og:locale\" content=\"en_US\" \/>\n<meta property=\"og:type\" content=\"article\" \/>\n<meta property=\"og:title\" content=\"Inicio - Yeye Peluquer\u00eda\" \/>\n<meta property=\"og:description\" content=\"YEYE PELUQUER\u00cdA ESTILO, CONFIANZA Y BELLEZA EN CADA VISITA PASI\u00d3N POR EL CABELLO, DEDICACI\u00d3N POR CADA PERSONA En Yeye Peluquer\u00eda nos dedicamos al cuidado y la imagen personal, ofreciendo servicios de peluquer\u00eda para mujeres, hombres y ni\u00f1os. Trabajamos de forma personalizada, escuchando y asesorando a cada cliente para encontrar el estilo que mejor se adapte [&hellip;]\" \/>\n<meta property=\"og:url\" content=\"https:\/\/yeyepeluqueria.com\/en\/\" \/>\n<meta property=\"og:site_name\" content=\"Yeye Peluquer\u00eda\" \/>\n<meta property=\"article:modified_time\" content=\"2026-03-11T14:36:16+00:00\" \/>\n<meta property=\"og:image\" content=\"https:\/\/yeyepeluqueria.com\/wp-content\/uploads\/2026\/03\/Sin-titulo-1500-x-1200-px.png\" \/>\n<meta name=\"twitter:card\" content=\"summary_large_image\" \/>\n<meta name=\"twitter:label1\" content=\"Est. reading time\" \/>\n\t<meta name=\"twitter:data1\" content=\"1 minute\" \/>\n<script type=\"application\/ld+json\" class=\"yoast-schema-graph\">{\"@context\":\"https:\\\/\\\/schema.org\",\"@graph\":[{\"@type\":\"WebPage\",\"@id\":\"https:\\\/\\\/yeyepeluqueria.com\\\/\",\"url\":\"https:\\\/\\\/yeyepeluqueria.com\\\/\",\"name\":\"Inicio - Yeye Peluquer\u00eda\",\"isPartOf\":{\"@id\":\"https:\\\/\\\/yeyepeluqueria.com\\\/#website\"},\"primaryImageOfPage\":{\"@id\":\"https:\\\/\\\/yeyepeluqueria.com\\\/#primaryimage\"},\"image\":{\"@id\":\"https:\\\/\\\/yeyepeluqueria.com\\\/#primaryimage\"},\"thumbnailUrl\":\"https:\\\/\\\/yeyepeluqueria.com\\\/wp-content\\\/uploads\\\/2026\\\/03\\\/Sin-titulo-1500-x-1200-px.png\",\"datePublished\":\"2025-12-26T11:38:53+00:00\",\"dateModified\":\"2026-03-11T14:36:16+00:00\",\"breadcrumb\":{\"@id\":\"https:\\\/\\\/yeyepeluqueria.com\\\/#breadcrumb\"},\"inLanguage\":\"en-US\",\"potentialAction\":[{\"@type\":\"ReadAction\",\"target\":[\"https:\\\/\\\/yeyepeluqueria.com\\\/\"]}]},{\"@type\":\"ImageObject\",\"inLanguage\":\"en-US\",\"@id\":\"https:\\\/\\\/yeyepeluqueria.com\\\/#primaryimage\",\"url\":\"https:\\\/\\\/yeyepeluqueria.com\\\/wp-content\\\/uploads\\\/2026\\\/03\\\/Sin-titulo-1500-x-1200-px.png\",\"contentUrl\":\"https:\\\/\\\/yeyepeluqueria.com\\\/wp-content\\\/uploads\\\/2026\\\/03\\\/Sin-titulo-1500-x-1200-px.png\"},{\"@type\":\"BreadcrumbList\",\"@id\":\"https:\\\/\\\/yeyepeluqueria.com\\\/#breadcrumb\",\"itemListElement\":[{\"@type\":\"ListItem\",\"position\":1,\"name\":\"Portada\",\"item\":\"https:\\\/\\\/yeyepeluqueria.com\\\/\"},{\"@type\":\"ListItem\",\"position\":2,\"name\":\"Inicio\"}]},{\"@type\":\"WebSite\",\"@id\":\"https:\\\/\\\/yeyepeluqueria.com\\\/#website\",\"url\":\"https:\\\/\\\/yeyepeluqueria.com\\\/\",\"name\":\"Yeye Peluquer\u00eda\",\"description\":\"Peluqueria unisex ubicada en Galapagar, Madrid \\\/ +34 918 58 65 49\",\"publisher\":{\"@id\":\"https:\\\/\\\/yeyepeluqueria.com\\\/#organization\"},\"potentialAction\":[{\"@type\":\"SearchAction\",\"target\":{\"@type\":\"EntryPoint\",\"urlTemplate\":\"https:\\\/\\\/yeyepeluqueria.com\\\/?s={search_term_string}\"},\"query-input\":{\"@type\":\"PropertyValueSpecification\",\"valueRequired\":true,\"valueName\":\"search_term_string\"}}],\"inLanguage\":\"en-US\"},{\"@type\":\"Organization\",\"@id\":\"https:\\\/\\\/yeyepeluqueria.com\\\/#organization\",\"name\":\"Yeye Peluquer\u00eda\",\"url\":\"https:\\\/\\\/yeyepeluqueria.com\\\/\",\"logo\":{\"@type\":\"ImageObject\",\"inLanguage\":\"en-US\",\"@id\":\"https:\\\/\\\/yeyepeluqueria.com\\\/#\\\/schema\\\/logo\\\/image\\\/\",\"url\":\"https:\\\/\\\/yeyepeluqueria.com\\\/wp-content\\\/uploads\\\/2026\\\/01\\\/cropped-yeyepeluqueria202512_logo_web.png\",\"contentUrl\":\"https:\\\/\\\/yeyepeluqueria.com\\\/wp-content\\\/uploads\\\/2026\\\/01\\\/cropped-yeyepeluqueria202512_logo_web.png\",\"width\":2247,\"height\":1981,\"caption\":\"Yeye Peluquer\u00eda\"},\"image\":{\"@id\":\"https:\\\/\\\/yeyepeluqueria.com\\\/#\\\/schema\\\/logo\\\/image\\\/\"}}]}<\/script>\n<!-- \/ Yoast SEO plugin. -->","yoast_head_json":{"title":"Inicio - Yeye Peluquer\u00eda","robots":{"index":"index","follow":"follow","max-snippet":"max-snippet:-1","max-image-preview":"max-image-preview:large","max-video-preview":"max-video-preview:-1"},"canonical":"https:\/\/yeyepeluqueria.com\/en\/","og_locale":"en_US","og_type":"article","og_title":"Inicio - Yeye Peluquer\u00eda","og_description":"YEYE PELUQUER\u00cdA ESTILO, CONFIANZA Y BELLEZA EN CADA VISITA PASI\u00d3N POR EL CABELLO, DEDICACI\u00d3N POR CADA PERSONA En Yeye Peluquer\u00eda nos dedicamos al cuidado y la imagen personal, ofreciendo servicios de peluquer\u00eda para mujeres, hombres y ni\u00f1os. Trabajamos de forma personalizada, escuchando y asesorando a cada cliente para encontrar el estilo que mejor se adapte [&hellip;]","og_url":"https:\/\/yeyepeluqueria.com\/en\/","og_site_name":"Yeye Peluquer\u00eda","article_modified_time":"2026-03-11T14:36:16+00:00","og_image":[{"url":"https:\/\/yeyepeluqueria.com\/wp-content\/uploads\/2026\/03\/Sin-titulo-1500-x-1200-px.png","type":"","width":"","height":""}],"twitter_card":"summary_large_image","twitter_misc":{"Est. reading time":"1 minute"},"schema":{"@context":"https:\/\/schema.org","@graph":[{"@type":"WebPage","@id":"https:\/\/yeyepeluqueria.com\/","url":"https:\/\/yeyepeluqueria.com\/","name":"Inicio - Yeye Peluquer\u00eda","isPartOf":{"@id":"https:\/\/yeyepeluqueria.com\/#website"},"primaryImageOfPage":{"@id":"https:\/\/yeyepeluqueria.com\/#primaryimage"},"image":{"@id":"https:\/\/yeyepeluqueria.com\/#primaryimage"},"thumbnailUrl":"https:\/\/yeyepeluqueria.com\/wp-content\/uploads\/2026\/03\/Sin-titulo-1500-x-1200-px.png","datePublished":"2025-12-26T11:38:53+00:00","dateModified":"2026-03-11T14:36:16+00:00","breadcrumb":{"@id":"https:\/\/yeyepeluqueria.com\/#breadcrumb"},"inLanguage":"en-US","potentialAction":[{"@type":"ReadAction","target":["https:\/\/yeyepeluqueria.com\/"]}]},{"@type":"ImageObject","inLanguage":"en-US","@id":"https:\/\/yeyepeluqueria.com\/#primaryimage","url":"https:\/\/yeyepeluqueria.com\/wp-content\/uploads\/2026\/03\/Sin-titulo-1500-x-1200-px.png","contentUrl":"https:\/\/yeyepeluqueria.com\/wp-content\/uploads\/2026\/03\/Sin-titulo-1500-x-1200-px.png"},{"@type":"BreadcrumbList","@id":"https:\/\/yeyepeluqueria.com\/#breadcrumb","itemListElement":[{"@type":"ListItem","position":1,"name":"Portada","item":"https:\/\/yeyepeluqueria.com\/"},{"@type":"ListItem","position":2,"name":"Inicio"}]},{"@type":"WebSite","@id":"https:\/\/yeyepeluqueria.com\/#website","url":"https:\/\/yeyepeluqueria.com\/","name":"Yeye Hair Salon","description":"Peluqueria unisex ubicada en Galapagar, Madrid \/ +34 918 58 65 49","publisher":{"@id":"https:\/\/yeyepeluqueria.com\/#organization"},"potentialAction":[{"@type":"SearchAction","target":{"@type":"EntryPoint","urlTemplate":"https:\/\/yeyepeluqueria.com\/?s={search_term_string}"},"query-input":{"@type":"PropertyValueSpecification","valueRequired":true,"valueName":"search_term_string"}}],"inLanguage":"en-US"},{"@type":"Organization","@id":"https:\/\/yeyepeluqueria.com\/#organization","name":"Yeye Hair Salon","url":"https:\/\/yeyepeluqueria.com\/","logo":{"@type":"ImageObject","inLanguage":"en-US","@id":"https:\/\/yeyepeluqueria.com\/#\/schema\/logo\/image\/","url":"https:\/\/yeyepeluqueria.com\/wp-content\/uploads\/2026\/01\/cropped-yeyepeluqueria202512_logo_web.png","contentUrl":"https:\/\/yeyepeluqueria.com\/wp-content\/uploads\/2026\/01\/cropped-yeyepeluqueria202512_logo_web.png","width":2247,"height":1981,"caption":"Yeye Peluquer\u00eda"},"image":{"@id":"https:\/\/yeyepeluqueria.com\/#\/schema\/logo\/image\/"}}]}},"_links":{"self":[{"href":"https:\/\/yeyepeluqueria.com\/en\/wp-json\/wp\/v2\/pages\/2","targetHints":{"allow":["GET"]}}],"collection":[{"href":"https:\/\/yeyepeluqueria.com\/en\/wp-json\/wp\/v2\/pages"}],"about":[{"href":"https:\/\/yeyepeluqueria.com\/en\/wp-json\/wp\/v2\/types\/page"}],"author":[{"embeddable":true,"href":"https:\/\/yeyepeluqueria.com\/en\/wp-json\/wp\/v2\/users\/1"}],"replies":[{"embeddable":true,"href":"https:\/\/yeyepeluqueria.com\/en\/wp-json\/wp\/v2\/comments?post=2"}],"version-history":[{"count":46,"href":"https:\/\/yeyepeluqueria.com\/en\/wp-json\/wp\/v2\/pages\/2\/revisions"}],"predecessor-version":[{"id":256,"href":"https:\/\/yeyepeluqueria.com\/en\/wp-json\/wp\/v2\/pages\/2\/revisions\/256"}],"wp:attachment":[{"href":"https:\/\/yeyepeluqueria.com\/en\/wp-json\/wp\/v2\/media?parent=2"}],"curies":[{"name":"wp","href":"https:\/\/api.w.org\/{rel}","templated":true}]}}